{"id":1334,"date":"2024-12-19T01:19:07","date_gmt":"2024-12-19T01:19:07","guid":{"rendered":"https:\/\/centerclinic.com.tr\/?page_id=1334"},"modified":"2025-12-02T08:56:59","modified_gmt":"2025-12-02T08:56:59","slug":"departments","status":"publish","type":"page","link":"https:\/\/centerclinic.com.tr\/en\/departments\/","title":{"rendered":"Departments"},"content":{"rendered":"<div data-elementor-type=\"wp-page\" data-elementor-id=\"1334\" class=\"elementor elementor-1334\" data-elementor-post-type=\"page\">\n\t\t\t\t<div class=\"elementor-element elementor-element-60d2483 e-con-full e-flex e-con e-parent\" data-id=\"60d2483\" data-element_type=\"container\" data-settings=\"{&quot;background_background&quot;:&quot;classic&quot;}\">\n\t\t<div class=\"elementor-element elementor-element-bfb7113 e-flex e-con-boxed e-con e-child\" data-id=\"bfb7113\" data-element_type=\"container\">\n\t\t\t\t\t<div class=\"e-con-inner\">\n\t\t\t\t<div class=\"elementor-element elementor-element-b5220f1 elementor-widget elementor-widget-heading\" data-id=\"b5220f1\" data-element_type=\"widget\" data-widget_type=\"heading.default\">\n\t\t\t\t\t<h1 class=\"elementor-heading-title elementor-size-default\">Departments<\/h1>\t\t\t\t<\/div>\n\t\t\t\t\t<\/div>\n\t\t\t\t<\/div>\n\t\t\t\t<\/div>\n\t\t<div class=\"elementor-element elementor-element-56db465 e-flex e-con-boxed e-con e-parent\" data-id=\"56db465\" data-element_type=\"container\" data-settings=\"{&quot;background_background&quot;:&quot;classic&quot;}\">\n\t\t\t\t\t<div class=\"e-con-inner\">\n\t\t\t\t<div class=\"elementor-element elementor-element-e7a7ef8 elementor-widget__width-initial elementor-position-top elementor-widget elementor-widget-image-box\" data-id=\"e7a7ef8\" data-element_type=\"widget\" data-widget_type=\"image-box.default\">\n\t\t\t\t\t<div class=\"elementor-image-box-wrapper\"><figure class=\"elementor-image-box-img\"><a href=\"https:\/\/centerclinic.com.tr\/en\/hair-transplant\/\" tabindex=\"-1\"><img fetchpriority=\"high\" decoding=\"async\" width=\"2000\" height=\"1333\" src=\"https:\/\/centerclinic.com.tr\/wp-content\/uploads\/2024\/12\/Hair-Transplant.webp\" class=\"attachment-full size-full wp-image-1115\" alt=\"\" srcset=\"https:\/\/centerclinic.com.tr\/wp-content\/uploads\/2024\/12\/Hair-Transplant.webp 2000w, https:\/\/centerclinic.com.tr\/wp-content\/uploads\/2024\/12\/Hair-Transplant-300x200.webp 300w, https:\/\/centerclinic.com.tr\/wp-content\/uploads\/2024\/12\/Hair-Transplant-1024x682.webp 1024w, https:\/\/centerclinic.com.tr\/wp-content\/uploads\/2024\/12\/Hair-Transplant-768x512.webp 768w, https:\/\/centerclinic.com.tr\/wp-content\/uploads\/2024\/12\/Hair-Transplant-1536x1024.webp 1536w\" sizes=\"(max-width: 2000px) 100vw, 2000px\" \/><\/a><\/figure><div class=\"elementor-image-box-content\"><h3 class=\"elementor-image-box-title\"><a href=\"https:\/\/centerclinic.com.tr\/en\/hair-transplant\/\">Hair Transplant<\/a><\/h3><p class=\"elementor-image-box-description\">Our Hair Transplant center provides natural and permanent results with the latest techniques. We make a new start to your hair with our expert staff.\n\n\n\n\n\n\n<\/p><\/div><\/div>\t\t\t\t<\/div>\n\t\t\t\t<div class=\"elementor-element elementor-element-d155ec7 elementor-widget__width-initial elementor-position-top elementor-widget elementor-widget-image-box\" data-id=\"d155ec7\" data-element_type=\"widget\" data-widget_type=\"image-box.default\">\n\t\t\t\t\t<div class=\"elementor-image-box-wrapper\"><figure class=\"elementor-image-box-img\"><a href=\"https:\/\/centerclinic.com.tr\/en\/medical-aesthetics\/\" tabindex=\"-1\"><img decoding=\"async\" width=\"2560\" height=\"1707\" src=\"https:\/\/centerclinic.com.tr\/wp-content\/uploads\/2024\/12\/Medical-Aesthetic-scaled.webp\" class=\"attachment-full size-full wp-image-1116\" alt=\"\" srcset=\"https:\/\/centerclinic.com.tr\/wp-content\/uploads\/2024\/12\/Medical-Aesthetic-scaled.webp 2560w, https:\/\/centerclinic.com.tr\/wp-content\/uploads\/2024\/12\/Medical-Aesthetic-300x200.webp 300w, https:\/\/centerclinic.com.tr\/wp-content\/uploads\/2024\/12\/Medical-Aesthetic-1024x683.webp 1024w, https:\/\/centerclinic.com.tr\/wp-content\/uploads\/2024\/12\/Medical-Aesthetic-768x512.webp 768w, https:\/\/centerclinic.com.tr\/wp-content\/uploads\/2024\/12\/Medical-Aesthetic-1536x1024.webp 1536w, https:\/\/centerclinic.com.tr\/wp-content\/uploads\/2024\/12\/Medical-Aesthetic-2048x1365.webp 2048w\" sizes=\"(max-width: 2560px) 100vw, 2560px\" \/><\/a><\/figure><div class=\"elementor-image-box-content\"><h3 class=\"elementor-image-box-title\"><a href=\"https:\/\/centerclinic.com.tr\/en\/medical-aesthetics\/\">Medical Aesthetics<\/a><\/h3><p class=\"elementor-image-box-description\">We emphasize your natural beauty with our medical aesthetic services. Our skin care, filling and botox applications are done in professional hands.\n\n<\/p><\/div><\/div>\t\t\t\t<\/div>\n\t\t\t\t<div class=\"elementor-element elementor-element-63cefd8 elementor-widget__width-initial elementor-position-top elementor-widget elementor-widget-image-box\" data-id=\"63cefd8\" data-element_type=\"widget\" data-widget_type=\"image-box.default\">\n\t\t\t\t\t<div class=\"elementor-image-box-wrapper\"><figure class=\"elementor-image-box-img\"><a href=\"https:\/\/centerclinic.com.tr\/en\/traditional-medicine\/\" tabindex=\"-1\"><img decoding=\"async\" width=\"2560\" height=\"1707\" src=\"https:\/\/centerclinic.com.tr\/wp-content\/uploads\/2024\/12\/Geleneksel-Tip-scaled.webp\" class=\"attachment-full size-full wp-image-1180\" alt=\"\" srcset=\"https:\/\/centerclinic.com.tr\/wp-content\/uploads\/2024\/12\/Geleneksel-Tip-scaled.webp 2560w, https:\/\/centerclinic.com.tr\/wp-content\/uploads\/2024\/12\/Geleneksel-Tip-300x200.webp 300w, https:\/\/centerclinic.com.tr\/wp-content\/uploads\/2024\/12\/Geleneksel-Tip-1024x683.webp 1024w, https:\/\/centerclinic.com.tr\/wp-content\/uploads\/2024\/12\/Geleneksel-Tip-768x512.webp 768w, https:\/\/centerclinic.com.tr\/wp-content\/uploads\/2024\/12\/Geleneksel-Tip-1536x1024.webp 1536w, https:\/\/centerclinic.com.tr\/wp-content\/uploads\/2024\/12\/Geleneksel-Tip-2048x1365.webp 2048w\" sizes=\"(max-width: 2560px) 100vw, 2560px\" \/><\/a><\/figure><div class=\"elementor-image-box-content\"><h3 class=\"elementor-image-box-title\"><a href=\"https:\/\/centerclinic.com.tr\/en\/traditional-medicine\/\">Traditional Medicine<\/a><\/h3><p class=\"elementor-image-box-description\">In our Traditional Medicine department, we support modern medicine with natural and holistic approaches. We are at your service with methods such as acupuncture and cupping therapy.\n\n<\/p><\/div><\/div>\t\t\t\t<\/div>\n\t\t<div class=\"elementor-element elementor-element-459bb84 e-con-full e-flex e-con e-child\" data-id=\"459bb84\" data-element_type=\"container\">\n\t\t<div class=\"elementor-element elementor-element-e4ca798 e-flex e-con-boxed e-con e-child\" data-id=\"e4ca798\" data-element_type=\"container\">\n\t\t\t\t\t<div class=\"e-con-inner\">\n\t\t\t\t<div class=\"elementor-element elementor-element-2e028b1 elementor-widget elementor-widget-button\" data-id=\"2e028b1\" data-element_type=\"widget\" data-widget_type=\"button.default\">\n\t\t\t\t\t\t\t\t\t\t<a class=\"elementor-button elementor-button-link elementor-size-sm\" href=\"#\">\n\t\t\t\t\t\t<span class=\"elementor-button-content-wrapper\">\n\t\t\t\t\t\t\t\t\t<span class=\"elementor-button-text\">Buraya t\u0131kla<\/span>\n\t\t\t\t\t<\/span>\n\t\t\t\t\t<\/a>\n\t\t\t\t\t\t\t\t<\/div>\n\t\t\t\t\t<\/div>\n\t\t\t\t<\/div>\n\t\t\t\t<\/div>\n\t\t\t\t\t<\/div>\n\t\t\t\t<\/div>\n\t\t\t\t<\/div>","protected":false},"excerpt":{"rendered":"<p>Departmanlar Sa\u00e7 Ekimi Sa\u00e7 Ekimi merkezimiz, en yeni tekniklerle do\u011fal ve kal\u0131c\u0131 sonu\u00e7lar sa\u011flar. Uzman kadromuzla sa\u00e7lar\u0131n\u0131za yeni bir ba\u015flang\u0131\u00e7 yap\u0131yoruz. Medikal Estetik Medikal Estetik hizmetlerimizle do\u011fal g\u00fczelli\u011finizi \u00f6n plana \u00e7\u0131kar\u0131yoruz. Cilt bak\u0131m\u0131, dolgu ve botoks uygulamalar\u0131m\u0131z profesyonel ellerde yap\u0131l\u0131r. Geleneksel T\u0131p Geleneksel T\u0131p b\u00f6l\u00fcm\u00fcm\u00fczde, do\u011fal ve b\u00fct\u00fcnc\u00fcl yakla\u015f\u0131mlarla modern t\u0131bb\u0131 destekliyoruz. Akupunktur ve kupa [&hellip;]<\/p>","protected":false},"author":1,"featured_media":0,"parent":0,"menu_order":0,"comment_status":"closed","ping_status":"closed","template":"","meta":{"_themeisle_gutenberg_block_has_review":false,"footnotes":""},"class_list":["post-1334","page","type-page","status-publish","hentry"],"_links":{"self":[{"href":"https:\/\/centerclinic.com.tr\/en\/wp-json\/wp\/v2\/pages\/1334","targetHints":{"allow":["GET"]}}],"collection":[{"href":"https:\/\/centerclinic.com.tr\/en\/wp-json\/wp\/v2\/pages"}],"about":[{"href":"https:\/\/centerclinic.com.tr\/en\/wp-json\/wp\/v2\/types\/page"}],"author":[{"embeddable":true,"href":"https:\/\/centerclinic.com.tr\/en\/wp-json\/wp\/v2\/users\/1"}],"replies":[{"embeddable":true,"href":"https:\/\/centerclinic.com.tr\/en\/wp-json\/wp\/v2\/comments?post=1334"}],"version-history":[{"count":9,"href":"https:\/\/centerclinic.com.tr\/en\/wp-json\/wp\/v2\/pages\/1334\/revisions"}],"predecessor-version":[{"id":2408,"href":"https:\/\/centerclinic.com.tr\/en\/wp-json\/wp\/v2\/pages\/1334\/revisions\/2408"}],"wp:attachment":[{"href":"https:\/\/centerclinic.com.tr\/en\/wp-json\/wp\/v2\/media?parent=1334"}],"curies":[{"name":"wp","href":"https:\/\/api.w.org\/{rel}","templated":true}]}}